{"id":10524,"date":"2023-06-26T09:56:57","date_gmt":"2023-06-26T09:56:57","guid":{"rendered":"https:\/\/erletxes.devel8.com\/aviso-legal\/"},"modified":"2023-09-05T15:31:00","modified_gmt":"2023-09-05T15:31:00","slug":"lege-oharra","status":"publish","type":"page","link":"https:\/\/erletxesinyeccion.com\/eu\/lege-oharra\/","title":{"rendered":"Lege Oharra"},"content":{"rendered":"<p>ERLETXES INYECCION, S.L.L., con domicilio social en Pol\u00edgono Erletxe Calle B Pabell\u00f3n 8, C.P. 48960 Galdakao (Bizkaia), con CIF B95325841, es titular de este Sitio web y ser\u00e1 denominado en este documento como ERLETXES INYECCION.<\/p>\n<p><strong>Objeto de la web de ERLETXES INYECCION<\/strong><\/p>\n<p>El sitio web www.erletxesinyeccion.com (en adelante, \u201cel sitio web\u201d) ha sido dise\u00f1ado para dar a conocer y permitir el acceso general de todos los usuarios a la informaci\u00f3n, actividades, productos y servicios diversos, ofertados por ERLETXES INYECCION.<\/p>\n<p><strong>Condiciones de uso<\/strong><\/p>\n<p>La utilizaci\u00f3n del sitio web atribuye al navegante la condici\u00f3n de Usuario del Sitio, lo cual implica su plena aceptaci\u00f3n de las Condiciones de Uso en la versi\u00f3n publicada en el momento en que se acceda al mismo.<\/p>\n<p>ERLETXES INYECCION podr\u00e1 alterar en cualquier momento y sin previo aviso el dise\u00f1o, presentaci\u00f3n y\/o configuraci\u00f3n del sitio web, as\u00ed como algunos o todos los contenidos, y modificar las condiciones generales y\/o condiciones particulares requeridas para utilizar los mismos.<\/p>\n<p><strong>Propiedad intelectual e industrial<\/strong><\/p>\n<p>ERLETXES INYECCION ostenta los derechos de propiedad intelectual sobre los contenidos (textos, documentos, im\u00e1genes y otros componentes), dise\u00f1o gr\u00e1fico y c\u00f3digo del sitio web, por lo que queda prohibida la reproducci\u00f3n, distribuci\u00f3n, comunicaci\u00f3n p\u00fablica, y transformaci\u00f3n, sin la autorizaci\u00f3n previa de ERLETXES INYECCION, deriv\u00e1ndose las responsabilidades a que hubiera lugar como consecuencia de la vulneraci\u00f3n de las leyes de propiedad intelectual.<\/p>\n<p>Igualmente, todos los nombres comerciales, marcas o signos distintivos de cualquier clase contenidos en la p\u00e1gina web est\u00e1n protegidos por la Ley y debidamente registrados a nombre de su titular, deriv\u00e1ndose las responsabilidades a que hubiera lugar como consecuencia de la vulneraci\u00f3n de las leyes de propiedad industrial.<\/p>\n<p><strong>Protecci\u00f3n de datos<\/strong><\/p>\n<p>ERLETXES INYECCION tiene implantado un sistema para preservar la seguridad, integridad y confidencialidad de los datos personales del Usuario.<\/p>\n<p>Para la contrataci\u00f3n de los servicios ofertados por ERLETXES INYECCION, el Usuario deber\u00e1 proporcionar datos de car\u00e1cter personal, que ser\u00e1n tratados conforme al Reglamento Europeo 2016\/679 de protecci\u00f3n de datos (en adelante, el \u201cRGPD\u201d), as\u00ed como a toda la normativa relativa a la protecci\u00f3n de datos de car\u00e1cter personal que se encuentre vigente en el momento, cuyo tratamiento y finalidad se recogen en la Pol\u00edtica de Privacidad y Cookies, que puede ser consultada a trav\u00e9s del Sitio Web.<\/p>\n<p>Para ello adem\u00e1s de cumplir la normativa del RGPD garantiza un uso no solo legal sino leal de los datos personales, as\u00ed como un sistema adecuado para ejercitar los derechos de acceso, rectificaci\u00f3n, supresi\u00f3n, limitaci\u00f3n del tratamiento, portabilidad y oposici\u00f3n. De esta manera, los Usuarios podr\u00e1n ejercitar cualquiera de sus derechos mediante escrito dirigido a ERLETXES INYECCION, acreditando su identidad. ERLETXES INYECCION pone a disposici\u00f3n de los Usuarios informaci\u00f3n clara y completa acerca de la Pol\u00edtica de Privacidad y Cookies, la cual puede ser consultada en este Sitio Web. Asimismo, el Usuario podr\u00e1 contactar con la Agencia Espa\u00f1ola de Protecci\u00f3n de Datos.<\/p>\n<p><strong>Pol\u00edtica de Cookies<\/strong><\/p>\n<p>Esto sitio Web contienen Cookies, consulte su pol\u00edtica de Cookies para ampliar informaci\u00f3n al respecto.<\/p>\n","protected":false},"excerpt":{"rendered":"<p>ERLETXES INYECCION, S.L.L., con domicilio social en Pol\u00edgono Erletxe Calle B Pabell\u00f3n 8, C.P. 48960 Galdakao (Bizkaia), con CIF B95325841, es titular de este Sitio web y ser\u00e1 denominado en este documento como ERLETXES INYECCION. Objeto de la web de ERLETXES INYECCION El sitio web www.erletxesinyeccion.com (en adelante, \u201cel sitio<\/p>\n","protected":false},"author":1,"featured_media":0,"parent":0,"menu_order":0,"comment_status":"closed","ping_status":"closed","template":"","meta":{"footnotes":""},"class_list":["post-10524","page","type-page","status-publish","hentry"],"yoast_head":"<!-- This site is optimized with the Yoast SEO plugin v26.8 - https:\/\/yoast.com\/product\/yoast-seo-wordpress\/ -->\n<title>Aviso Legal<\/title>\n<meta name=\"description\" content=\"Aviso Legal\" \/>\n<meta name=\"robots\" content=\"noindex, follow\" \/>\n<meta property=\"og:locale\" content=\"eu_ES\" \/>\n<meta property=\"og:type\" content=\"article\" \/>\n<meta property=\"og:title\" content=\"Aviso Legal\" \/>\n<meta property=\"og:description\" content=\"Aviso Legal\" \/>\n<meta property=\"og:url\" content=\"https:\/\/erletxesinyeccion.com\/eu\/lege-oharra\/\" \/>\n<meta property=\"og:site_name\" content=\"Erletxes Inyecci\u00f3n\" \/>\n<meta property=\"article:modified_time\" content=\"2023-09-05T15:31:00+00:00\" \/>\n<meta property=\"og:image\" content=\"https:\/\/erletxesinyeccion.com\/wp-content\/uploads\/2023\/06\/Erletxes-Logo.png\" \/>\n\t<meta property=\"og:image:width\" content=\"800\" \/>\n\t<meta property=\"og:image:height\" content=\"316\" \/>\n\t<meta property=\"og:image:type\" content=\"image\/png\" \/>\n<meta name=\"twitter:card\" content=\"summary_large_image\" \/>\n<meta name=\"twitter:label1\" content=\"Est. reading time\" \/>\n\t<meta name=\"twitter:data1\" content=\"3 minutes\" \/>\n<script type=\"application\/ld+json\" class=\"yoast-schema-graph\">{\"@context\":\"https:\/\/schema.org\",\"@graph\":[{\"@type\":\"WebPage\",\"@id\":\"https:\/\/erletxesinyeccion.com\/eu\/lege-oharra\/\",\"url\":\"https:\/\/erletxesinyeccion.com\/eu\/lege-oharra\/\",\"name\":\"Aviso Legal\",\"isPartOf\":{\"@id\":\"https:\/\/erletxesinyeccion.com\/#website\"},\"datePublished\":\"2023-06-26T09:56:57+00:00\",\"dateModified\":\"2023-09-05T15:31:00+00:00\",\"description\":\"Aviso Legal\",\"breadcrumb\":{\"@id\":\"https:\/\/erletxesinyeccion.com\/eu\/lege-oharra\/#breadcrumb\"},\"inLanguage\":\"eu-ES\",\"potentialAction\":[{\"@type\":\"ReadAction\",\"target\":[\"https:\/\/erletxesinyeccion.com\/eu\/lege-oharra\/\"]}]},{\"@type\":\"BreadcrumbList\",\"@id\":\"https:\/\/erletxesinyeccion.com\/eu\/lege-oharra\/#breadcrumb\",\"itemListElement\":[{\"@type\":\"ListItem\",\"position\":1,\"name\":\"Portada\",\"item\":\"https:\/\/erletxesinyeccion.com\/eu\/\"},{\"@type\":\"ListItem\",\"position\":2,\"name\":\"Lege Oharra\"}]},{\"@type\":\"WebSite\",\"@id\":\"https:\/\/erletxesinyeccion.com\/#website\",\"url\":\"https:\/\/erletxesinyeccion.com\/\",\"name\":\"Erletxes Inyecci\u00f3n\",\"description\":\"Moldeo de piezas por inyecci\u00f3n\",\"publisher\":{\"@id\":\"https:\/\/erletxesinyeccion.com\/#organization\"},\"potentialAction\":[{\"@type\":\"SearchAction\",\"target\":{\"@type\":\"EntryPoint\",\"urlTemplate\":\"https:\/\/erletxesinyeccion.com\/?s={search_term_string}\"},\"query-input\":{\"@type\":\"PropertyValueSpecification\",\"valueRequired\":true,\"valueName\":\"search_term_string\"}}],\"inLanguage\":\"eu-ES\"},{\"@type\":\"Organization\",\"@id\":\"https:\/\/erletxesinyeccion.com\/#organization\",\"name\":\"Erletxes Inyecci\u00f3n\",\"url\":\"https:\/\/erletxesinyeccion.com\/\",\"logo\":{\"@type\":\"ImageObject\",\"inLanguage\":\"eu-ES\",\"@id\":\"https:\/\/erletxesinyeccion.com\/#\/schema\/logo\/image\/\",\"url\":\"https:\/\/erletxesinyeccion.com\/wp-content\/uploads\/2023\/06\/Erletxes-Logo.png\",\"contentUrl\":\"https:\/\/erletxesinyeccion.com\/wp-content\/uploads\/2023\/06\/Erletxes-Logo.png\",\"width\":800,\"height\":316,\"caption\":\"Erletxes Inyecci\u00f3n\"},\"image\":{\"@id\":\"https:\/\/erletxesinyeccion.com\/#\/schema\/logo\/image\/\"},\"sameAs\":[\"https:\/\/www.linkedin.com\/company\/erletxes-inyecci\u00f3n\/\"]}]}<\/script>\n<!-- \/ Yoast SEO plugin. -->","yoast_head_json":{"title":"Aviso Legal","description":"Aviso Legal","robots":{"index":"noindex","follow":"follow"},"og_locale":"eu_ES","og_type":"article","og_title":"Aviso Legal","og_description":"Aviso Legal","og_url":"https:\/\/erletxesinyeccion.com\/eu\/lege-oharra\/","og_site_name":"Erletxes Inyecci\u00f3n","article_modified_time":"2023-09-05T15:31:00+00:00","og_image":[{"width":800,"height":316,"url":"https:\/\/erletxesinyeccion.com\/wp-content\/uploads\/2023\/06\/Erletxes-Logo.png","type":"image\/png"}],"twitter_card":"summary_large_image","twitter_misc":{"Est. reading time":"3 minutes"},"schema":{"@context":"https:\/\/schema.org","@graph":[{"@type":"WebPage","@id":"https:\/\/erletxesinyeccion.com\/eu\/lege-oharra\/","url":"https:\/\/erletxesinyeccion.com\/eu\/lege-oharra\/","name":"Aviso Legal","isPartOf":{"@id":"https:\/\/erletxesinyeccion.com\/#website"},"datePublished":"2023-06-26T09:56:57+00:00","dateModified":"2023-09-05T15:31:00+00:00","description":"Aviso Legal","breadcrumb":{"@id":"https:\/\/erletxesinyeccion.com\/eu\/lege-oharra\/#breadcrumb"},"inLanguage":"eu-ES","potentialAction":[{"@type":"ReadAction","target":["https:\/\/erletxesinyeccion.com\/eu\/lege-oharra\/"]}]},{"@type":"BreadcrumbList","@id":"https:\/\/erletxesinyeccion.com\/eu\/lege-oharra\/#breadcrumb","itemListElement":[{"@type":"ListItem","position":1,"name":"Portada","item":"https:\/\/erletxesinyeccion.com\/eu\/"},{"@type":"ListItem","position":2,"name":"Lege Oharra"}]},{"@type":"WebSite","@id":"https:\/\/erletxesinyeccion.com\/#website","url":"https:\/\/erletxesinyeccion.com\/","name":"Erletxes Inyecci\u00f3n","description":"Moldeo de piezas por inyecci\u00f3n","publisher":{"@id":"https:\/\/erletxesinyeccion.com\/#organization"},"potentialAction":[{"@type":"SearchAction","target":{"@type":"EntryPoint","urlTemplate":"https:\/\/erletxesinyeccion.com\/?s={search_term_string}"},"query-input":{"@type":"PropertyValueSpecification","valueRequired":true,"valueName":"search_term_string"}}],"inLanguage":"eu-ES"},{"@type":"Organization","@id":"https:\/\/erletxesinyeccion.com\/#organization","name":"Erletxes Inyecci\u00f3n","url":"https:\/\/erletxesinyeccion.com\/","logo":{"@type":"ImageObject","inLanguage":"eu-ES","@id":"https:\/\/erletxesinyeccion.com\/#\/schema\/logo\/image\/","url":"https:\/\/erletxesinyeccion.com\/wp-content\/uploads\/2023\/06\/Erletxes-Logo.png","contentUrl":"https:\/\/erletxesinyeccion.com\/wp-content\/uploads\/2023\/06\/Erletxes-Logo.png","width":800,"height":316,"caption":"Erletxes Inyecci\u00f3n"},"image":{"@id":"https:\/\/erletxesinyeccion.com\/#\/schema\/logo\/image\/"},"sameAs":["https:\/\/www.linkedin.com\/company\/erletxes-inyecci\u00f3n\/"]}]}},"_links":{"self":[{"href":"https:\/\/erletxesinyeccion.com\/eu\/wp-json\/wp\/v2\/pages\/10524","targetHints":{"allow":["GET"]}}],"collection":[{"href":"https:\/\/erletxesinyeccion.com\/eu\/wp-json\/wp\/v2\/pages"}],"about":[{"href":"https:\/\/erletxesinyeccion.com\/eu\/wp-json\/wp\/v2\/types\/page"}],"author":[{"embeddable":true,"href":"https:\/\/erletxesinyeccion.com\/eu\/wp-json\/wp\/v2\/users\/1"}],"replies":[{"embeddable":true,"href":"https:\/\/erletxesinyeccion.com\/eu\/wp-json\/wp\/v2\/comments?post=10524"}],"version-history":[{"count":2,"href":"https:\/\/erletxesinyeccion.com\/eu\/wp-json\/wp\/v2\/pages\/10524\/revisions"}],"predecessor-version":[{"id":10535,"href":"https:\/\/erletxesinyeccion.com\/eu\/wp-json\/wp\/v2\/pages\/10524\/revisions\/10535"}],"wp:attachment":[{"href":"https:\/\/erletxesinyeccion.com\/eu\/wp-json\/wp\/v2\/media?parent=10524"}],"curies":[{"name":"wp","href":"https:\/\/api.w.org\/{rel}","templated":true}]}}